{"id":103,"date":"2025-08-08T08:45:17","date_gmt":"2025-08-08T11:45:17","guid":{"rendered":"http:\/\/wgtechservice.com.br\/loja\/?post_type=product&#038;p=103"},"modified":"2025-08-08T13:22:02","modified_gmt":"2025-08-08T16:22:02","slug":"rpa-contratacao-de-colaborador","status":"publish","type":"product","link":"https:\/\/wgtechservice.com.br\/loja\/?product=rpa-contratacao-de-colaborador","title":{"rendered":"RPA &#8211; Contrata\u00e7\u00e3o de Colaborador"},"content":{"rendered":"<p>Fluxo RPA de Contrata\u00e7\u00e3o de Colaborador (com Integra\u00e7\u00e3o)<\/p>\n","protected":false},"excerpt":{"rendered":"<p>Fluxo RPA de Contrata\u00e7\u00e3o de Colaborador (com Integra\u00e7\u00e3o)<\/p>\n","protected":false},"featured_media":119,"comment_status":"open","ping_status":"closed","template":"","meta":[],"product_brand":[],"product_cat":[18],"product_tag":[],"class_list":{"0":"post-103","1":"product","2":"type-product","3":"status-publish","4":"has-post-thumbnail","6":"product_cat-recursos-humanos","8":"first","9":"onbackorder","10":"virtual","11":"sold-individually","12":"product-type-simple"},"jetpack_sharing_enabled":true,"_links":{"self":[{"href":"https:\/\/wgtechservice.com.br\/loja\/index.php?rest_route=\/wp\/v2\/product\/103","targetHints":{"allow":["GET"]}}],"collection":[{"href":"https:\/\/wgtechservice.com.br\/loja\/index.php?rest_route=\/wp\/v2\/product"}],"about":[{"href":"https:\/\/wgtechservice.com.br\/loja\/index.php?rest_route=\/wp\/v2\/types\/product"}],"replies":[{"embeddable":true,"href":"https:\/\/wgtechservice.com.br\/loja\/index.php?rest_route=%2Fwp%2Fv2%2Fcomments&post=103"}],"wp:featuredmedia":[{"embeddable":true,"href":"https:\/\/wgtechservice.com.br\/loja\/index.php?rest_route=\/wp\/v2\/media\/119"}],"wp:attachment":[{"href":"https:\/\/wgtechservice.com.br\/loja\/index.php?rest_route=%2Fwp%2Fv2%2Fmedia&parent=103"}],"wp:term":[{"taxonomy":"product_brand","embeddable":true,"href":"https:\/\/wgtechservice.com.br\/loja\/index.php?rest_route=%2Fwp%2Fv2%2Fproduct_brand&post=103"},{"taxonomy":"product_cat","embeddable":true,"href":"https:\/\/wgtechservice.com.br\/loja\/index.php?rest_route=%2Fwp%2Fv2%2Fproduct_cat&post=103"},{"taxonomy":"product_tag","embeddable":true,"href":"https:\/\/wgtechservice.com.br\/loja\/index.php?rest_route=%2Fwp%2Fv2%2Fproduct_tag&post=103"}],"curies":[{"name":"wp","href":"https:\/\/api.w.org\/{rel}","templated":true}]}}