{"id":73,"date":"2025-08-07T21:45:01","date_gmt":"2025-08-08T00:45:01","guid":{"rendered":"http:\/\/wgtechservice.com.br\/loja\/?post_type=product&#038;p=73"},"modified":"2025-08-08T11:36:43","modified_gmt":"2025-08-08T14:36:43","slug":"esm-requisicao-de-compra","status":"publish","type":"product","link":"https:\/\/wgtechservice.com.br\/loja\/?product=esm-requisicao-de-compra","title":{"rendered":"ESM &#8211; Requisi\u00e7\u00e3o de Compra"},"content":{"rendered":"<p>Fluxo ESM de Requisi\u00e7\u00e3o de Compra<\/p>\n","protected":false},"excerpt":{"rendered":"<p>Fluxo ESM de Requisi\u00e7\u00e3o de Compra<\/p>\n","protected":false},"featured_media":129,"comment_status":"open","ping_status":"closed","template":"","meta":[],"product_brand":[],"product_cat":[20],"product_tag":[],"class_list":{"0":"post-73","1":"product","2":"type-product","3":"status-publish","4":"has-post-thumbnail","6":"product_cat-compras-suprimentos","8":"first","9":"onbackorder","10":"virtual","11":"sold-individually","12":"product-type-simple"},"jetpack_sharing_enabled":true,"_links":{"self":[{"href":"https:\/\/wgtechservice.com.br\/loja\/index.php?rest_route=\/wp\/v2\/product\/73","targetHints":{"allow":["GET"]}}],"collection":[{"href":"https:\/\/wgtechservice.com.br\/loja\/index.php?rest_route=\/wp\/v2\/product"}],"about":[{"href":"https:\/\/wgtechservice.com.br\/loja\/index.php?rest_route=\/wp\/v2\/types\/product"}],"replies":[{"embeddable":true,"href":"https:\/\/wgtechservice.com.br\/loja\/index.php?rest_route=%2Fwp%2Fv2%2Fcomments&post=73"}],"wp:featuredmedia":[{"embeddable":true,"href":"https:\/\/wgtechservice.com.br\/loja\/index.php?rest_route=\/wp\/v2\/media\/129"}],"wp:attachment":[{"href":"https:\/\/wgtechservice.com.br\/loja\/index.php?rest_route=%2Fwp%2Fv2%2Fmedia&parent=73"}],"wp:term":[{"taxonomy":"product_brand","embeddable":true,"href":"https:\/\/wgtechservice.com.br\/loja\/index.php?rest_route=%2Fwp%2Fv2%2Fproduct_brand&post=73"},{"taxonomy":"product_cat","embeddable":true,"href":"https:\/\/wgtechservice.com.br\/loja\/index.php?rest_route=%2Fwp%2Fv2%2Fproduct_cat&post=73"},{"taxonomy":"product_tag","embeddable":true,"href":"https:\/\/wgtechservice.com.br\/loja\/index.php?rest_route=%2Fwp%2Fv2%2Fproduct_tag&post=73"}],"curies":[{"name":"wp","href":"https:\/\/api.w.org\/{rel}","templated":true}]}}